{"id":4052,"date":"2024-04-10T16:08:35","date_gmt":"2024-04-10T14:08:35","guid":{"rendered":"https:\/\/purotango.de\/la-milonga\/"},"modified":"2024-12-12T09:24:07","modified_gmt":"2024-12-12T08:24:07","slug":"la-milonga","status":"publish","type":"page","link":"https:\/\/purotango.de\/de\/la-milonga\/","title":{"rendered":"La Milonga"},"content":{"rendered":"\n<div class=\"wp-block-uagb-container uagb-block-nespud9q alignfull uagb-is-root-container\"><div class=\"uagb-container-inner-blocks-wrap\">\n<div class=\"wp-block-uagb-info-box uagb-block-p6bccz6p uagb-infobox__content-wrap  uagb-infobox-icon-above-title uagb-infobox-image-valign-top\"><div class=\"uagb-ifb-content\"><div class=\"uagb-ifb-title-wrap\"><h1 class=\"uagb-ifb-title\">La Chacarita<\/h1><\/div><p class=\"uagb-ifb-desc\">Eine Tangoshow voll Frische und Herzlichkeit <\/p><\/div><\/div>\n\n\n\n<div style=\"height:40px\" aria-hidden=\"true\" class=\"wp-block-spacer\"><\/div>\n\n\n\n<div class=\"wp-block-uagb-buttons uagb-buttons__outer-wrap uagb-btn__default-btn uagb-btn-tablet__default-btn uagb-btn-mobile__default-btn uagb-block-e383318e\"><div class=\"uagb-buttons__wrap uagb-buttons-layout-wrap \">\n<div class=\"wp-block-uagb-buttons-child uagb-buttons__outer-wrap uagb-block-ef602876 wp-block-button\"><div class=\"uagb-button__wrapper\"><a class=\"uagb-buttons-repeater wp-block-button__link\" aria-label=\"\" href=\"\/\/purotango.de\/contact\/\" rel=\"follow noopener\" target=\"_blank\" role=\"button\"><div class=\"uagb-button__link\">Book La Chacarita<\/div><\/a><\/div><\/div>\n<\/div><\/div>\n<\/div><\/div>\n\n<div class=\"wp-block-uagb-buttons uagb-buttons__outer-wrap uagb-btn__default-btn uagb-btn-tablet__default-btn uagb-btn-mobile__default-btn uagb-block-546abeb4\"><div class=\"uagb-buttons__wrap uagb-buttons-layout-wrap \"><\/div><\/div>\n\n<div class=\"wp-block-uagb-container uagb-block-efekg3u9 alignfull uagb-is-root-container\"><div class=\"uagb-container-inner-blocks-wrap\">\n<div class=\"wp-block-uagb-container uagb-block-2z5e8wrr\">\n<div class=\"wp-block-uagb-info-box uagb-block-jr8i4f9h uagb-infobox__content-wrap  uagb-infobox-icon-above-title uagb-infobox-image-valign-top wp-block-uagb-info-box--has-margin\"><div class=\"uagb-infobox-margin-wrapper\"><div class=\"uagb-ifb-content\"><div class=\"uagb-ifb-title-wrap\"><h2 class=\"uagb-ifb-title\">Madam erz\u00e4hlt mit den Liedern<br\/>Die Geschichte von La Chacarita<\/h2><\/div><p class=\"uagb-ifb-desc\">Eine Tango-Soap, geboren im Rotlichtviertel von Buenos Aires.<br\/><br\/>Clementina Culzoni, die &#8222;Tango Madame&#8220;, &#8222;Madame&#8220; f\u00fcr ihre Freunde, betreibt die beste Tango-Bar im Rotlichtviertel. <br\/>Jedes Konzert, in dem Madame ihre Lebensgeschichte durch Tangos, Walzer, Milongas, Candombes, aber auch durch die Folklore Argentiniens offenbart, ist einzigartig. Carnavalitos, Chacareras, Zambas und die Kompositionen von Ariel Ramirez, Carlos Gardel, Astor Piazzolla, etc. und die brandneuen Tangos des Komponisten Algy Wu werden nicht fehlen. <\/p><\/div><\/div><\/div>\n\n\n\n<div class=\"wp-block-uagb-image alignleft uagb-block-ki7xdq9h wp-block-uagb-image--layout-default wp-block-uagb-image--effect-static wp-block-uagb-image--align-left\"><figure class=\"wp-block-uagb-image__figure\"><img decoding=\"async\" data-srcset=\"https:\/\/purotango.de\/wp-content\/uploads\/2024\/04\/DSC_1217-1024x683.jpeg ,https:\/\/purotango.de\/wp-content\/uploads\/2024\/04\/DSC_1217.jpeg 780w, https:\/\/purotango.de\/wp-content\/uploads\/2024\/04\/DSC_1217.jpeg 360w\" data-sizes=\"auto, (max-width: 480px) 150px\" data-src=\"https:\/\/purotango.de\/wp-content\/uploads\/2024\/04\/DSC_1217-1024x683.jpeg\" alt=\"\" class=\"uag-image-1276 lazyload\" width=\"448\" height=\"376\" title=\"DSC_1217\" role=\"img\" src=\"data:image\/svg+xml;base64,PHN2ZyB3aWR0aD0iMSIgaGVpZ2h0PSIxIiB4bWxucz0iaHR0cDovL3d3dy53My5vcmcvMjAwMC9zdmciPjwvc3ZnPg==\" style=\"--smush-placeholder-width: 448px; --smush-placeholder-aspect-ratio: 448\/376;\" \/><\/figure><\/div>\n\n\n\n<div class=\"wp-block-uagb-info-box uagb-block-wpblk6eb uagb-infobox__content-wrap  uagb-infobox-icon-above-title uagb-infobox-image-valign-top wp-block-uagb-info-box--has-margin\"><div class=\"uagb-infobox-margin-wrapper\"><div class=\"uagb-ifb-content\"><div class=\"uagb-ifb-title-wrap\"><h3 class=\"uagb-ifb-title\">Tango-Musik direkt aus dem Herzen<\/h3><\/div><p class=\"uagb-ifb-desc\">&#8222;La Chacarita&#8220; ist eine vielseitige Show, die jedes Mal anders ist und sich vom Augenblick inspirieren l\u00e4sst.<br\/><strong>Clementina Culzoni<\/strong> vermittelt das Land Argentinien, die Kraft des Tangos, die aktuelle politische Situation, den gro\u00dfen Sinn f\u00fcr Humor&#8230;, die besten Seiten der Argentinier. Ihre facettenreiche Stimme kann romantisch, kristallklar oder rau sein, Clementina hat Feuer und Temperament im Blut, sie singt jedes Mal, als w\u00e4re es das letzte Mal. <br\/><br\/><strong>Rainer Armbrust<\/strong> l\u00e4sst am Klavier die Tasten sprechen und schafft musikalische Atmosph\u00e4ren, die den Zuh\u00f6rer den Atem anhalten lassen, <strong>Algy Wu<\/strong> versteht es, mit seinem Bandoneon die Tango-Sinnlichkeit im Publikum zu wecken und <strong>J\u00f6rg He\u00df<\/strong> setzt seinen Kontrabass ein, um das Ensemble zu einer kongenialen Einheit zusammenzuf\u00fchren&#8230;<\/p><\/div><\/div><\/div>\n<\/div>\n\n\n\n<div class=\"wp-block-uagb-container uagb-block-dyqaqw5g\">\n<div class=\"wp-block-uagb-image alignleft uagb-block-a15qebfl wp-block-uagb-image--layout-default wp-block-uagb-image--effect-static wp-block-uagb-image--align-left\"><figure class=\"wp-block-uagb-image__figure\"><img decoding=\"async\" data-srcset=\"https:\/\/purotango.de\/wp-content\/uploads\/2024\/04\/LR_DSC_1149-1024x683.jpeg ,https:\/\/purotango.de\/wp-content\/uploads\/2024\/04\/LR_DSC_1149-scaled.jpeg 780w, https:\/\/purotango.de\/wp-content\/uploads\/2024\/04\/LR_DSC_1149-scaled.jpeg 360w\" data-sizes=\"auto, (max-width: 480px) 150px\" data-src=\"https:\/\/purotango.de\/wp-content\/uploads\/2024\/04\/LR_DSC_1149-1024x683.jpeg\" alt=\"Puro Tango Live\" class=\"uag-image-1130 lazyload\" width=\"564\" height=\"376\" title=\"LR_DSC_1149\" role=\"img\" src=\"data:image\/svg+xml;base64,PHN2ZyB3aWR0aD0iMSIgaGVpZ2h0PSIxIiB4bWxucz0iaHR0cDovL3d3dy53My5vcmcvMjAwMC9zdmciPjwvc3ZnPg==\" style=\"--smush-placeholder-width: 564px; --smush-placeholder-aspect-ratio: 564\/376;\" \/><\/figure><\/div>\n\n\n\n<div class=\"wp-block-uagb-info-box uagb-block-xdscjios uagb-infobox__content-wrap  uagb-infobox-icon-above-title uagb-infobox-image-valign-top wp-block-uagb-info-box--has-margin\"><div class=\"uagb-infobox-margin-wrapper\"><div class=\"uagb-ifb-content\"><div class=\"uagb-ifb-title-wrap\"><h3 class=\"uagb-ifb-title\">Clementina, the Tango Madame and <br\/>the regular guests of &#8222;La Chacarita&#8220;<\/h3><\/div><p class=\"uagb-ifb-desc\">They wanted to feel the tango, experience it, try it. You got to know &#8222;La Chacarita&#8220; and of course Clementina, the Tango Madame.<br\/><br\/>Now they are addicted to her and don&#8217;t want to leave the tango bar. They are the regulars of &#8222;La Chacarita&#8220;.<br\/><br\/>Rainer Armbrust, the oldest visitor to the tango bar, Algy Wu, who honors &#8222;La Chacarita&#8220; as an international guest and J\u00f6rg He\u00df, who knows how to appreciate the tango lifestyle.<br\/><br\/>They are not just an extraordinary trio, they are the tango force that gives Madame wings on stage.<\/p><\/div><\/div><\/div>\n\n\n\n<div class=\"wp-block-uagb-image alignleft uagb-block-w4dsjznw wp-block-uagb-image--layout-default wp-block-uagb-image--effect-static wp-block-uagb-image--align-left\"><figure class=\"wp-block-uagb-image__figure\"><img decoding=\"async\" data-srcset=\"https:\/\/purotango.de\/wp-content\/uploads\/2024\/05\/DSC_1041-1-1024x683.jpeg ,https:\/\/purotango.de\/wp-content\/uploads\/2024\/05\/DSC_1041-1.jpeg 780w, https:\/\/purotango.de\/wp-content\/uploads\/2024\/05\/DSC_1041-1.jpeg 360w\" data-sizes=\"auto, (max-width: 480px) 150px\" data-src=\"https:\/\/purotango.de\/wp-content\/uploads\/2024\/05\/DSC_1041-1-1024x683.jpeg\" alt=\"\" class=\"uag-image-1603 lazyload\" width=\"564\" height=\"376\" title=\"DSC_1041-1\" role=\"img\" src=\"data:image\/svg+xml;base64,PHN2ZyB3aWR0aD0iMSIgaGVpZ2h0PSIxIiB4bWxucz0iaHR0cDovL3d3dy53My5vcmcvMjAwMC9zdmciPjwvc3ZnPg==\" style=\"--smush-placeholder-width: 564px; --smush-placeholder-aspect-ratio: 564\/376;\" \/><\/figure><\/div>\n\n\n\n<div class=\"wp-block-uagb-info-box uagb-block-zpqvuhfa uagb-infobox__content-wrap  uagb-infobox-icon-above-title uagb-infobox-image-valign-top wp-block-uagb-info-box--has-margin\"><div class=\"uagb-infobox-margin-wrapper\"><div class=\"uagb-ifb-content\"><div class=\"uagb-ifb-title-wrap\"><h3 class=\"uagb-ifb-title\">Mit Puro Tango sp\u00fchrst du heute den Tango Argentino<\/h3><\/div><p class=\"uagb-ifb-desc\">Wir wollen Momente schaffen, in denen wir alle aufgehen k\u00f6nnen.<br\/>Wir wollen Momente schaffen, die auch du mitgestalten kannst. Madame wird sich freuen, wenn Sie an der Show teilnehmen, Ihren Geburtstag feiern, tanzen oder&#8230;. <br\/>Wir m\u00f6chten nach der Show mit Ihnen tanzen, etwas trinken, gemeinsam etwas essen oder Ihnen beim Tanzen zusehen.<br\/><br\/>Je mehr sch\u00f6ne Momente es in unserem Leben gibt, desto liebenswerter wird es. <br\/>Lassen Sie uns gemeinsam sch\u00f6ne Momente schaffen.<\/p><\/div><\/div><\/div>\n<\/div>\n<\/div><\/div>\n\n<div class=\"wp-block-uagb-container uagb-block-q7fyg9xv alignfull uagb-is-root-container\"><div class=\"uagb-container-inner-blocks-wrap\">\n<div class=\"wp-block-uagb-info-box uagb-block-bzpi5udw uagb-infobox__content-wrap  uagb-infobox-icon-above-title uagb-infobox-image-valign-top\"><div class=\"uagb-ifb-content\"><div class=\"uagb-ifb-title-wrap\"><h1 class=\"uagb-ifb-title\">Die Gro\u00dfartigkeit von Puro Tango<\/h1><\/div><p class=\"uagb-ifb-desc\">ist nur m\u00f6glich durch die musikalische Vielseitigkeit dieses gut eingespielten Trios. <strong>Rainer Armbrust: Klavier, Algy Wu: Bandoneon <\/strong>und<strong> J\u00f6rg He\u00df: Kontrabass.<\/strong><\/p><\/div><\/div>\n\n\n\n<div class=\"wp-block-uagb-buttons uagb-buttons__outer-wrap uagb-btn__default-btn uagb-btn-tablet__default-btn uagb-btn-mobile__default-btn uagb-block-ahhbccks\"><div class=\"uagb-buttons__wrap uagb-buttons-layout-wrap \">\n<div class=\"wp-block-uagb-buttons-child uagb-buttons__outer-wrap uagb-block-yfwjvclw wp-block-button\"><div class=\"uagb-button__wrapper\"><a class=\"uagb-buttons-repeater wp-block-button__link\" aria-label=\"\" href=\"#\" rel=\"follow noopener\" target=\"_self\" role=\"button\"><div class=\"uagb-button__link\">Mehr Shows<\/div><\/a><\/div><\/div>\n<\/div><\/div>\n\n\n\n<div class=\"wp-block-uagb-container uagb-block-wq43swcq\">\n<div class=\"wp-block-uagb-image alignleft uagb-block-a9ucztp7 wp-block-uagb-image--layout-default wp-block-uagb-image--effect-static wp-block-uagb-image--align-left\"><figure class=\"wp-block-uagb-image__figure\"><img decoding=\"async\" data-srcset=\"https:\/\/purotango.de\/wp-content\/uploads\/2024\/08\/DSC_1208-683x1024.jpeg ,https:\/\/purotango.de\/wp-content\/uploads\/2024\/08\/DSC_1208.jpeg 780w, https:\/\/purotango.de\/wp-content\/uploads\/2024\/08\/DSC_1208.jpeg 360w\" data-sizes=\"auto, (max-width: 480px) 150px\" data-src=\"https:\/\/purotango.de\/wp-content\/uploads\/2024\/08\/DSC_1208-683x1024.jpeg\" alt=\"\" class=\"uag-image-2323 lazyload\" width=\"282\" height=\"370\" title=\"DSC_1208\" role=\"img\" src=\"data:image\/svg+xml;base64,PHN2ZyB3aWR0aD0iMSIgaGVpZ2h0PSIxIiB4bWxucz0iaHR0cDovL3d3dy53My5vcmcvMjAwMC9zdmciPjwvc3ZnPg==\" style=\"--smush-placeholder-width: 282px; --smush-placeholder-aspect-ratio: 282\/370;\" \/><\/figure><\/div>\n\n\n\n<div class=\"wp-block-uagb-image alignleft uagb-block-uxloqzex wp-block-uagb-image--layout-default wp-block-uagb-image--effect-static wp-block-uagb-image--align-left\"><figure class=\"wp-block-uagb-image__figure\"><img decoding=\"async\" data-srcset=\"https:\/\/purotango.de\/wp-content\/uploads\/2024\/05\/DSC_1156-1024x683.jpeg ,https:\/\/purotango.de\/wp-content\/uploads\/2024\/05\/DSC_1156.jpeg 780w, https:\/\/purotango.de\/wp-content\/uploads\/2024\/05\/DSC_1156.jpeg 360w\" data-sizes=\"auto, (max-width: 480px) 150px\" data-src=\"https:\/\/purotango.de\/wp-content\/uploads\/2024\/05\/DSC_1156-1024x683.jpeg\" alt=\"\" class=\"uag-image-1528 lazyload\" width=\"282\" height=\"420\" title=\"DSC_1156\" role=\"img\" src=\"data:image\/svg+xml;base64,PHN2ZyB3aWR0aD0iMSIgaGVpZ2h0PSIxIiB4bWxucz0iaHR0cDovL3d3dy53My5vcmcvMjAwMC9zdmciPjwvc3ZnPg==\" style=\"--smush-placeholder-width: 282px; --smush-placeholder-aspect-ratio: 282\/420;\" \/><\/figure><\/div>\n\n\n\n<div class=\"wp-block-uagb-image alignleft uagb-block-gxnyoa3y wp-block-uagb-image--layout-default wp-block-uagb-image--effect-static wp-block-uagb-image--align-left\"><figure class=\"wp-block-uagb-image__figure\"><img decoding=\"async\" data-srcset=\"https:\/\/purotango.de\/wp-content\/uploads\/2024\/08\/DSC_1030-1024x683.jpeg ,https:\/\/purotango.de\/wp-content\/uploads\/2024\/08\/DSC_1030.jpeg 780w, https:\/\/purotango.de\/wp-content\/uploads\/2024\/08\/DSC_1030.jpeg 360w\" data-sizes=\"auto, (max-width: 480px) 150px\" data-src=\"https:\/\/purotango.de\/wp-content\/uploads\/2024\/08\/DSC_1030-1024x683.jpeg\" alt=\"\" class=\"uag-image-2326 lazyload\" width=\"282\" height=\"370\" title=\"DSC_1030\" role=\"img\" src=\"data:image\/svg+xml;base64,PHN2ZyB3aWR0aD0iMSIgaGVpZ2h0PSIxIiB4bWxucz0iaHR0cDovL3d3dy53My5vcmcvMjAwMC9zdmciPjwvc3ZnPg==\" style=\"--smush-placeholder-width: 282px; --smush-placeholder-aspect-ratio: 282\/370;\" \/><\/figure><\/div>\n\n\n\n<div class=\"wp-block-uagb-image alignleft uagb-block-iogqghx0 wp-block-uagb-image--layout-default wp-block-uagb-image--effect-static wp-block-uagb-image--align-left\"><figure class=\"wp-block-uagb-image__figure\"><img decoding=\"async\" data-srcset=\"https:\/\/purotango.de\/wp-content\/uploads\/2024\/08\/DSC_1390-683x1024.jpeg ,https:\/\/purotango.de\/wp-content\/uploads\/2024\/08\/DSC_1390.jpeg 780w, https:\/\/purotango.de\/wp-content\/uploads\/2024\/08\/DSC_1390.jpeg 360w\" data-sizes=\"auto, (max-width: 480px) 150px\" data-src=\"https:\/\/purotango.de\/wp-content\/uploads\/2024\/08\/DSC_1390-683x1024.jpeg\" alt=\"\" class=\"uag-image-2324 lazyload\" width=\"282\" height=\"420\" title=\"DSC_1390\" role=\"img\" src=\"data:image\/svg+xml;base64,PHN2ZyB3aWR0aD0iMSIgaGVpZ2h0PSIxIiB4bWxucz0iaHR0cDovL3d3dy53My5vcmcvMjAwMC9zdmciPjwvc3ZnPg==\" style=\"--smush-placeholder-width: 282px; --smush-placeholder-aspect-ratio: 282\/420;\" \/><\/figure><\/div>\n<\/div>\n\n\n\n<div class=\"wp-block-uagb-info-box uagb-block-db3a4c89 uagb-infobox__content-wrap  uagb-infobox-icon-above-title uagb-infobox-image-valign-top\"><div class=\"uagb-ifb-content\"><div class=\"uagb-ifb-title-wrap\"><h1 class=\"uagb-ifb-title\">Die Macht der Clementina Culzoni<\/h1><\/div><p class=\"uagb-ifb-desc\">eine authentische Stimme, eine fesselnde Schauspielerin<\/p><\/div><\/div>\n<\/div><\/div>\n","protected":false},"excerpt":{"rendered":"","protected":false},"author":2,"featured_media":0,"parent":0,"menu_order":0,"comment_status":"closed","ping_status":"closed","template":"","meta":{"om_disable_all_campaigns":false,"_uag_custom_page_level_css":"","_monsterinsights_skip_tracking":false,"_monsterinsights_sitenote_active":false,"_monsterinsights_sitenote_note":"","_monsterinsights_sitenote_category":0,"_uf_show_specific_survey":0,"_uf_disable_surveys":false,"site-sidebar-layout":"default","site-content-layout":"","ast-site-content-layout":"default","site-content-style":"default","site-sidebar-style":"default","ast-global-header-display":"","ast-banner-title-visibility":"","ast-main-header-display":"","ast-hfb-above-header-display":"","ast-hfb-below-header-display":"","ast-hfb-mobile-header-display":"","site-post-title":"","ast-breadcrumbs-content":"","ast-featured-img":"","footer-sml-layout":"","ast-disable-related-posts":"","theme-transparent-header-meta":"","adv-header-id-meta":"","stick-header-meta":"","header-above-stick-meta":"","header-main-stick-meta":"","header-below-stick-meta":"","astra-migrate-meta-layouts":"set","ast-page-background-enabled":"default","ast-page-background-meta":{"desktop":{"background-color":"","background-image":"","background-repeat":"repeat","background-position":"center center","background-size":"auto","background-attachment":"scroll","background-type":"","background-media":"","overlay-type":"","overlay-color":"","overlay-opacity":"","overlay-gradient":""},"tablet":{"background-color":"","background-image":"","background-repeat":"repeat","background-position":"center center","background-size":"auto","background-attachment":"scroll","background-type":"","background-media":"","overlay-type":"","overlay-color":"","overlay-opacity":"","overlay-gradient":""},"mobile":{"background-color":"","background-image":"","background-repeat":"repeat","background-position":"center center","background-size":"auto","background-attachment":"scroll","background-type":"","background-media":"","overlay-type":"","overlay-color":"","overlay-opacity":"","overlay-gradient":""}},"ast-content-background-meta":{"desktop":{"background-color":"var(--ast-global-color-5)","background-image":"","background-repeat":"repeat","background-position":"center center","background-size":"auto","background-attachment":"scroll","background-type":"","background-media":"","overlay-type":"","overlay-color":"","overlay-opacity":"","overlay-gradient":""},"tablet":{"background-color":"var(--ast-global-color-5)","background-image":"","background-repeat":"repeat","background-position":"center center","background-size":"auto","background-attachment":"scroll","background-type":"","background-media":"","overlay-type":"","overlay-color":"","overlay-opacity":"","overlay-gradient":""},"mobile":{"background-color":"var(--ast-global-color-5)","background-image":"","background-repeat":"repeat","background-position":"center center","background-size":"auto","background-attachment":"scroll","background-type":"","background-media":"","overlay-type":"","overlay-color":"","overlay-opacity":"","overlay-gradient":""}},"_themeisle_gutenberg_block_has_review":false,"footnotes":""},"class_list":["post-4052","page","type-page","status-publish","hentry"],"yoast_head":"<!-- This site is optimized with the Yoast SEO plugin v27.4 - https:\/\/yoast.com\/product\/yoast-seo-wordpress\/ -->\n<title>La Milonga -<\/title>\n<meta name=\"robots\" content=\"index, follow, max-snippet:-1, max-image-preview:large, max-video-preview:-1\" \/>\n<link rel=\"canonical\" href=\"https:\/\/purotango.de\/de\/la-milonga\/\" \/>\n<meta property=\"og:locale\" content=\"de_DE\" \/>\n<meta property=\"og:type\" content=\"article\" \/>\n<meta property=\"og:title\" content=\"La Milonga -\" \/>\n<meta property=\"og:url\" content=\"https:\/\/purotango.de\/de\/la-milonga\/\" \/>\n<meta property=\"article:modified_time\" content=\"2024-12-12T08:24:07+00:00\" \/>\n<meta property=\"og:image\" content=\"https:\/\/purotango.de\/wp-content\/uploads\/2024\/04\/DSC_1217-1024x683.jpeg\" \/>\n<meta name=\"twitter:card\" content=\"summary_large_image\" \/>\n<meta name=\"twitter:label1\" content=\"Gesch\u00e4tzte Lesezeit\" \/>\n\t<meta name=\"twitter:data1\" content=\"4\u00a0Minuten\" \/>\n<script type=\"application\/ld+json\" class=\"yoast-schema-graph\">{\"@context\":\"https:\\\/\\\/schema.org\",\"@graph\":[{\"@type\":\"WebPage\",\"@id\":\"https:\\\/\\\/purotango.de\\\/de\\\/la-milonga\\\/\",\"url\":\"https:\\\/\\\/purotango.de\\\/de\\\/la-milonga\\\/\",\"name\":\"La Milonga -\",\"isPartOf\":{\"@id\":\"https:\\\/\\\/purotango.de\\\/de\\\/#website\"},\"primaryImageOfPage\":{\"@id\":\"https:\\\/\\\/purotango.de\\\/de\\\/la-milonga\\\/#primaryimage\"},\"image\":{\"@id\":\"https:\\\/\\\/purotango.de\\\/de\\\/la-milonga\\\/#primaryimage\"},\"thumbnailUrl\":\"https:\\\/\\\/purotango.de\\\/wp-content\\\/uploads\\\/2024\\\/04\\\/DSC_1217-1024x683.jpeg\",\"datePublished\":\"2024-04-10T14:08:35+00:00\",\"dateModified\":\"2024-12-12T08:24:07+00:00\",\"breadcrumb\":{\"@id\":\"https:\\\/\\\/purotango.de\\\/de\\\/la-milonga\\\/#breadcrumb\"},\"inLanguage\":\"de\",\"potentialAction\":[{\"@type\":\"ReadAction\",\"target\":[\"https:\\\/\\\/purotango.de\\\/de\\\/la-milonga\\\/\"]}]},{\"@type\":\"ImageObject\",\"inLanguage\":\"de\",\"@id\":\"https:\\\/\\\/purotango.de\\\/de\\\/la-milonga\\\/#primaryimage\",\"url\":\"https:\\\/\\\/purotango.de\\\/wp-content\\\/uploads\\\/2024\\\/04\\\/DSC_1217-1024x683.jpeg\",\"contentUrl\":\"https:\\\/\\\/purotango.de\\\/wp-content\\\/uploads\\\/2024\\\/04\\\/DSC_1217-1024x683.jpeg\"},{\"@type\":\"BreadcrumbList\",\"@id\":\"https:\\\/\\\/purotango.de\\\/de\\\/la-milonga\\\/#breadcrumb\",\"itemListElement\":[{\"@type\":\"ListItem\",\"position\":1,\"name\":\"Home\",\"item\":\"https:\\\/\\\/purotango.de\\\/de\\\/\"},{\"@type\":\"ListItem\",\"position\":2,\"name\":\"La Milonga\"}]},{\"@type\":\"WebSite\",\"@id\":\"https:\\\/\\\/purotango.de\\\/de\\\/#website\",\"url\":\"https:\\\/\\\/purotango.de\\\/de\\\/\",\"name\":\"Puro Tango\",\"description\":\"Argentine tango ensemble with Clementina Culzoni: bandone\u00f3n sounds and milonga energy.\",\"publisher\":{\"@id\":\"https:\\\/\\\/purotango.de\\\/de\\\/#\\\/schema\\\/person\\\/47561650617326cdb5fc66afed184336\"},\"potentialAction\":[{\"@type\":\"SearchAction\",\"target\":{\"@type\":\"EntryPoint\",\"urlTemplate\":\"https:\\\/\\\/purotango.de\\\/de\\\/?s={search_term_string}\"},\"query-input\":{\"@type\":\"PropertyValueSpecification\",\"valueRequired\":true,\"valueName\":\"search_term_string\"}}],\"inLanguage\":\"de\"},{\"@type\":[\"Person\",\"Organization\"],\"@id\":\"https:\\\/\\\/purotango.de\\\/de\\\/#\\\/schema\\\/person\\\/47561650617326cdb5fc66afed184336\",\"name\":\"clementinaonstgeposteo-de\",\"image\":{\"@type\":\"ImageObject\",\"inLanguage\":\"de\",\"@id\":\"https:\\\/\\\/purotango.de\\\/wp-content\\\/uploads\\\/2024\\\/05\\\/DSC_1379-scaled.jpeg\",\"url\":\"https:\\\/\\\/purotango.de\\\/wp-content\\\/uploads\\\/2024\\\/05\\\/DSC_1379-scaled.jpeg\",\"contentUrl\":\"https:\\\/\\\/purotango.de\\\/wp-content\\\/uploads\\\/2024\\\/05\\\/DSC_1379-scaled.jpeg\",\"width\":1707,\"height\":2560,\"caption\":\"clementinaonstgeposteo-de\"},\"logo\":{\"@id\":\"https:\\\/\\\/purotango.de\\\/wp-content\\\/uploads\\\/2024\\\/05\\\/DSC_1379-scaled.jpeg\"},\"description\":\"La Jefa\"}]}<\/script>\n<!-- \/ Yoast SEO plugin. -->","yoast_head_json":{"title":"La Milonga -","robots":{"index":"index","follow":"follow","max-snippet":"max-snippet:-1","max-image-preview":"max-image-preview:large","max-video-preview":"max-video-preview:-1"},"canonical":"https:\/\/purotango.de\/de\/la-milonga\/","og_locale":"de_DE","og_type":"article","og_title":"La Milonga -","og_url":"https:\/\/purotango.de\/de\/la-milonga\/","article_modified_time":"2024-12-12T08:24:07+00:00","og_image":[{"url":"https:\/\/purotango.de\/wp-content\/uploads\/2024\/04\/DSC_1217-1024x683.jpeg","type":"","width":"","height":""}],"twitter_card":"summary_large_image","twitter_misc":{"Gesch\u00e4tzte Lesezeit":"4\u00a0Minuten"},"schema":{"@context":"https:\/\/schema.org","@graph":[{"@type":"WebPage","@id":"https:\/\/purotango.de\/de\/la-milonga\/","url":"https:\/\/purotango.de\/de\/la-milonga\/","name":"La Milonga -","isPartOf":{"@id":"https:\/\/purotango.de\/de\/#website"},"primaryImageOfPage":{"@id":"https:\/\/purotango.de\/de\/la-milonga\/#primaryimage"},"image":{"@id":"https:\/\/purotango.de\/de\/la-milonga\/#primaryimage"},"thumbnailUrl":"https:\/\/purotango.de\/wp-content\/uploads\/2024\/04\/DSC_1217-1024x683.jpeg","datePublished":"2024-04-10T14:08:35+00:00","dateModified":"2024-12-12T08:24:07+00:00","breadcrumb":{"@id":"https:\/\/purotango.de\/de\/la-milonga\/#breadcrumb"},"inLanguage":"de","potentialAction":[{"@type":"ReadAction","target":["https:\/\/purotango.de\/de\/la-milonga\/"]}]},{"@type":"ImageObject","inLanguage":"de","@id":"https:\/\/purotango.de\/de\/la-milonga\/#primaryimage","url":"https:\/\/purotango.de\/wp-content\/uploads\/2024\/04\/DSC_1217-1024x683.jpeg","contentUrl":"https:\/\/purotango.de\/wp-content\/uploads\/2024\/04\/DSC_1217-1024x683.jpeg"},{"@type":"BreadcrumbList","@id":"https:\/\/purotango.de\/de\/la-milonga\/#breadcrumb","itemListElement":[{"@type":"ListItem","position":1,"name":"Home","item":"https:\/\/purotango.de\/de\/"},{"@type":"ListItem","position":2,"name":"La Milonga"}]},{"@type":"WebSite","@id":"https:\/\/purotango.de\/de\/#website","url":"https:\/\/purotango.de\/de\/","name":"Puro Tango","description":"Argentine tango ensemble with Clementina Culzoni: bandone\u00f3n sounds and milonga energy.","publisher":{"@id":"https:\/\/purotango.de\/de\/#\/schema\/person\/47561650617326cdb5fc66afed184336"},"potentialAction":[{"@type":"SearchAction","target":{"@type":"EntryPoint","urlTemplate":"https:\/\/purotango.de\/de\/?s={search_term_string}"},"query-input":{"@type":"PropertyValueSpecification","valueRequired":true,"valueName":"search_term_string"}}],"inLanguage":"de"},{"@type":["Person","Organization"],"@id":"https:\/\/purotango.de\/de\/#\/schema\/person\/47561650617326cdb5fc66afed184336","name":"clementinaonstgeposteo-de","image":{"@type":"ImageObject","inLanguage":"de","@id":"https:\/\/purotango.de\/wp-content\/uploads\/2024\/05\/DSC_1379-scaled.jpeg","url":"https:\/\/purotango.de\/wp-content\/uploads\/2024\/05\/DSC_1379-scaled.jpeg","contentUrl":"https:\/\/purotango.de\/wp-content\/uploads\/2024\/05\/DSC_1379-scaled.jpeg","width":1707,"height":2560,"caption":"clementinaonstgeposteo-de"},"logo":{"@id":"https:\/\/purotango.de\/wp-content\/uploads\/2024\/05\/DSC_1379-scaled.jpeg"},"description":"La Jefa"}]}},"uagb_featured_image_src":{"full":false,"thumbnail":false,"medium":false,"medium_large":false,"large":false,"1536x1536":false,"2048x2048":false},"uagb_author_info":{"display_name":"clementinaonstgeposteo-de","author_link":"https:\/\/purotango.de\/de\/author\/clementinaonstgeposteo-de\/"},"uagb_comment_info":0,"uagb_excerpt":null,"_links":{"self":[{"href":"https:\/\/purotango.de\/de\/wp-json\/wp\/v2\/pages\/4052","targetHints":{"allow":["GET"]}}],"collection":[{"href":"https:\/\/purotango.de\/de\/wp-json\/wp\/v2\/pages"}],"about":[{"href":"https:\/\/purotango.de\/de\/wp-json\/wp\/v2\/types\/page"}],"author":[{"embeddable":true,"href":"https:\/\/purotango.de\/de\/wp-json\/wp\/v2\/users\/2"}],"replies":[{"embeddable":true,"href":"https:\/\/purotango.de\/de\/wp-json\/wp\/v2\/comments?post=4052"}],"version-history":[{"count":8,"href":"https:\/\/purotango.de\/de\/wp-json\/wp\/v2\/pages\/4052\/revisions"}],"predecessor-version":[{"id":4542,"href":"https:\/\/purotango.de\/de\/wp-json\/wp\/v2\/pages\/4052\/revisions\/4542"}],"wp:attachment":[{"href":"https:\/\/purotango.de\/de\/wp-json\/wp\/v2\/media?parent=4052"}],"curies":[{"name":"wp","href":"https:\/\/api.w.org\/{rel}","templated":true}]}}