{"id":4135,"date":"2024-09-12T14:07:32","date_gmt":"2024-09-12T12:07:32","guid":{"rendered":"https:\/\/purotango.de\/?page_id=4135"},"modified":"2024-11-01T14:31:12","modified_gmt":"2024-11-01T13:31:12","slug":"cookie-richtlinie","status":"publish","type":"page","link":"https:\/\/purotango.de\/de\/cookie-richtlinie\/","title":{"rendered":"Cookie-Richtlinie"},"content":{"rendered":"\n<p><strong>G\u00fcltig ab: 12-Sep-2024<\/strong><br><strong>Zuletzt aktualisiert: 12-Sep-2024<\/strong><\/p>\n\n\n\n<p><strong>Was sind Cookies?<\/strong><\/p>\n\n\n\n<p>Diese Cookie-Richtlinie erkl\u00e4rt, was Cookies sind und wie wir sie verwenden, welche Arten von Cookies wir verwenden, d.h. welche Informationen wir mit Cookies sammeln und wie diese Informationen verwendet werden, sowie wie Sie die Cookie-Einstellungen verwalten k\u00f6nnen.<\/p>\n\n\n\n<p>Cookies sind kleine Textdateien, die kleine Informationsst\u00fccke speichern. Sie werden auf Ihrem Ger\u00e4t gespeichert, wenn die Website in Ihrem Browser geladen wird. Diese Cookies helfen uns, die Website ordnungsgem\u00e4\u00df funktionieren zu lassen, sie sicherer zu machen, eine bessere Benutzererfahrung zu bieten und zu verstehen, wie die Website funktioniert, sowie zu analysieren, was funktioniert und wo Verbesserungen erforderlich sind.<\/p>\n\n\n\n<p><strong>Wie verwenden wir Cookies?<\/strong><\/p>\n\n\n\n<p>Wie die meisten Online-Dienste verwendet unsere Website sowohl Erstanbieter-Cookies als auch Drittanbieter-Cookies f\u00fcr verschiedene Zwecke. Erstanbieter-Cookies sind meist notwendig, damit die Website ordnungsgem\u00e4\u00df funktioniert, und sie sammeln keine pers\u00f6nlich identifizierbaren Daten von Ihnen.<\/p>\n\n\n\n<p>Die Drittanbieter-Cookies, die auf unserer Website verwendet werden, dienen haupts\u00e4chlich dazu, zu verstehen, wie die Website funktioniert, wie Sie mit unserer Website interagieren, unsere Dienste sicher zu halten, relevante Werbeanzeigen bereitzustellen und Ihnen insgesamt eine bessere und verbesserte Benutzererfahrung zu bieten, sowie Ihre zuk\u00fcnftigen Interaktionen mit unserer Website zu beschleunigen.<\/p>\n\n\n\n<p><strong>Arten von Cookies, die wir verwenden<\/strong><br><strong>Cookie-Einstellungen verwalten<\/strong><\/p>\n\n\n\n<p><strong>Cookie-Einstellungen<\/strong><\/p>\n\n\n\n<p>Sie k\u00f6nnen Ihre Cookie-Einstellungen jederzeit \u00e4ndern, indem Sie auf die obige Schaltfl\u00e4che klicken. Dadurch k\u00f6nnen Sie das Cookie-Zustimmungsbanner erneut aufrufen und Ihre Einstellungen \u00e4ndern oder Ihre Zustimmung sofort widerrufen.<\/p>\n\n\n\n<p>Dar\u00fcber hinaus bieten verschiedene Browser unterschiedliche Methoden, um die von Websites verwendeten Cookies zu blockieren und zu l\u00f6schen. Sie k\u00f6nnen die Einstellungen Ihres Browsers \u00e4ndern, um Cookies zu blockieren oder zu l\u00f6schen. Nachfolgend finden Sie Links zu den Support-Dokumenten, wie Sie Cookies in den wichtigsten Webbrowsern verwalten und l\u00f6schen k\u00f6nnen:<\/p>\n\n\n\n<ul class=\"wp-block-list\">\n<li><strong>Chrome<\/strong>: <a href=\"https:\/\/support.google.com\/accounts\/answer\/32050\">https:\/\/support.google.com\/accounts\/answer\/32050<\/a><\/li>\n\n\n\n<li><strong>Safari<\/strong>: <a href=\"https:\/\/support.apple.com\/en-in\/guide\/safari\/sfri11471\/mac\">https:\/\/support.apple.com\/en-in\/guide\/safari\/sfri11471\/mac<\/a><\/li>\n\n\n\n<li><strong>Firefox<\/strong>: <a href=\"https:\/\/support.mozilla.org\/de\/kb\/cookies-und-website-daten-in-firefox-loschen\">https:\/\/support.mozilla.org\/de\/kb\/cookies-und-website-daten-in-firefox-loschen<\/a><\/li>\n\n\n\n<li><strong>Internet Explorer<\/strong>: <a href=\"https:\/\/support.microsoft.com\/de-de\/topic\/wie-man-cookie-dateien-in-internet-explorer-l%C3%B6scht-bca9446f-d873-78de-77ba-d42645fa52fc\">https:\/\/support.microsoft.com\/de-de\/topic\/wie-man-cookie-dateien-in-internet-explorer-l\u00f6scht-bca9446f-d873-78de-77ba-d42645fa52fc<\/a><\/li>\n<\/ul>\n\n\n\n<p>Falls Sie einen anderen Webbrowser verwenden, besuchen Sie bitte die offiziellen Support-Dokumente Ihres Browsers.<\/p>\n","protected":false},"excerpt":{"rendered":"<p>G\u00fcltig ab: 12-Sep-2024Zuletzt aktualisiert: 12-Sep-2024 Was sind Cookies? Diese Cookie-Richtlinie erkl\u00e4rt, was Cookies sind und wie wir sie verwenden, welche Arten von Cookies wir verwenden, d.h. welche Informationen wir mit Cookies sammeln und wie diese Informationen verwendet werden, sowie wie Sie die Cookie-Einstellungen verwalten k\u00f6nnen. Cookies sind kleine Textdateien, die kleine Informationsst\u00fccke speichern. Sie werden [&hellip;]<\/p>\n","protected":false},"author":1,"featured_media":0,"parent":0,"menu_order":0,"comment_status":"closed","ping_status":"closed","template":"","meta":{"om_disable_all_campaigns":false,"_uag_custom_page_level_css":"","_monsterinsights_skip_tracking":false,"_monsterinsights_sitenote_active":false,"_monsterinsights_sitenote_note":"","_monsterinsights_sitenote_category":0,"_uf_show_specific_survey":0,"_uf_disable_surveys":false,"site-sidebar-layout":"default","site-content-layout":"","ast-site-content-layout":"default","site-content-style":"default","site-sidebar-style":"default","ast-global-header-display":"","ast-banner-title-visibility":"","ast-main-header-display":"","ast-hfb-above-header-display":"","ast-hfb-below-header-display":"","ast-hfb-mobile-header-display":"","site-post-title":"","ast-breadcrumbs-content":"","ast-featured-img":"","footer-sml-layout":"","ast-disable-related-posts":"","theme-transparent-header-meta":"","adv-header-id-meta":"","stick-header-meta":"","header-above-stick-meta":"","header-main-stick-meta":"","header-below-stick-meta":"","astra-migrate-meta-layouts":"set","ast-page-background-enabled":"default","ast-page-background-meta":{"desktop":{"background-color":"","background-image":"","background-repeat":"repeat","background-position":"center center","background-size":"auto","background-attachment":"scroll","background-type":"","background-media":"","overlay-type":"","overlay-color":"","overlay-opacity":"","overlay-gradient":""},"tablet":{"background-color":"","background-image":"","background-repeat":"repeat","background-position":"center center","background-size":"auto","background-attachment":"scroll","background-type":"","background-media":"","overlay-type":"","overlay-color":"","overlay-opacity":"","overlay-gradient":""},"mobile":{"background-color":"","background-image":"","background-repeat":"repeat","background-position":"center center","background-size":"auto","background-attachment":"scroll","background-type":"","background-media":"","overlay-type":"","overlay-color":"","overlay-opacity":"","overlay-gradient":""}},"ast-content-background-meta":{"desktop":{"background-color":"var(--ast-global-color-5)","background-image":"","background-repeat":"repeat","background-position":"center center","background-size":"auto","background-attachment":"scroll","background-type":"","background-media":"","overlay-type":"","overlay-color":"","overlay-opacity":"","overlay-gradient":""},"tablet":{"background-color":"var(--ast-global-color-5)","background-image":"","background-repeat":"repeat","background-position":"center center","background-size":"auto","background-attachment":"scroll","background-type":"","background-media":"","overlay-type":"","overlay-color":"","overlay-opacity":"","overlay-gradient":""},"mobile":{"background-color":"var(--ast-global-color-5)","background-image":"","background-repeat":"repeat","background-position":"center center","background-size":"auto","background-attachment":"scroll","background-type":"","background-media":"","overlay-type":"","overlay-color":"","overlay-opacity":"","overlay-gradient":""}},"_themeisle_gutenberg_block_has_review":false,"footnotes":""},"class_list":["post-4135","page","type-page","status-publish","hentry"],"yoast_head":"<!-- This site is optimized with the Yoast SEO plugin v27.4 - https:\/\/yoast.com\/product\/yoast-seo-wordpress\/ -->\n<title>Cookie-Richtlinie -<\/title>\n<meta name=\"robots\" content=\"index, follow, max-snippet:-1, max-image-preview:large, max-video-preview:-1\" \/>\n<link rel=\"canonical\" href=\"https:\/\/purotango.de\/de\/cookie-richtlinie\/\" \/>\n<meta property=\"og:locale\" content=\"de_DE\" \/>\n<meta property=\"og:type\" content=\"article\" \/>\n<meta property=\"og:title\" content=\"Cookie-Richtlinie -\" \/>\n<meta property=\"og:description\" content=\"G\u00fcltig ab: 12-Sep-2024Zuletzt aktualisiert: 12-Sep-2024 Was sind Cookies? Diese Cookie-Richtlinie erkl\u00e4rt, was Cookies sind und wie wir sie verwenden, welche Arten von Cookies wir verwenden, d.h. welche Informationen wir mit Cookies sammeln und wie diese Informationen verwendet werden, sowie wie Sie die Cookie-Einstellungen verwalten k\u00f6nnen. Cookies sind kleine Textdateien, die kleine Informationsst\u00fccke speichern. Sie werden [&hellip;]\" \/>\n<meta property=\"og:url\" content=\"https:\/\/purotango.de\/de\/cookie-richtlinie\/\" \/>\n<meta property=\"article:modified_time\" content=\"2024-11-01T13:31:12+00:00\" \/>\n<meta name=\"twitter:card\" content=\"summary_large_image\" \/>\n<meta name=\"twitter:label1\" content=\"Gesch\u00e4tzte Lesezeit\" \/>\n\t<meta name=\"twitter:data1\" content=\"2\u00a0Minuten\" \/>\n<script type=\"application\/ld+json\" class=\"yoast-schema-graph\">{\"@context\":\"https:\\\/\\\/schema.org\",\"@graph\":[{\"@type\":\"WebPage\",\"@id\":\"https:\\\/\\\/purotango.de\\\/de\\\/cookie-richtlinie\\\/\",\"url\":\"https:\\\/\\\/purotango.de\\\/de\\\/cookie-richtlinie\\\/\",\"name\":\"Cookie-Richtlinie -\",\"isPartOf\":{\"@id\":\"https:\\\/\\\/purotango.de\\\/de\\\/#website\"},\"datePublished\":\"2024-09-12T12:07:32+00:00\",\"dateModified\":\"2024-11-01T13:31:12+00:00\",\"breadcrumb\":{\"@id\":\"https:\\\/\\\/purotango.de\\\/de\\\/cookie-richtlinie\\\/#breadcrumb\"},\"inLanguage\":\"de\",\"potentialAction\":[{\"@type\":\"ReadAction\",\"target\":[\"https:\\\/\\\/purotango.de\\\/de\\\/cookie-richtlinie\\\/\"]}]},{\"@type\":\"BreadcrumbList\",\"@id\":\"https:\\\/\\\/purotango.de\\\/de\\\/cookie-richtlinie\\\/#breadcrumb\",\"itemListElement\":[{\"@type\":\"ListItem\",\"position\":1,\"name\":\"Home\",\"item\":\"https:\\\/\\\/purotango.de\\\/de\\\/\"},{\"@type\":\"ListItem\",\"position\":2,\"name\":\"Cookie-Richtlinie\"}]},{\"@type\":\"WebSite\",\"@id\":\"https:\\\/\\\/purotango.de\\\/de\\\/#website\",\"url\":\"https:\\\/\\\/purotango.de\\\/de\\\/\",\"name\":\"Puro Tango\",\"description\":\"Argentine tango ensemble with Clementina Culzoni: bandone\u00f3n sounds and milonga energy.\",\"publisher\":{\"@id\":\"https:\\\/\\\/purotango.de\\\/de\\\/#\\\/schema\\\/person\\\/47561650617326cdb5fc66afed184336\"},\"potentialAction\":[{\"@type\":\"SearchAction\",\"target\":{\"@type\":\"EntryPoint\",\"urlTemplate\":\"https:\\\/\\\/purotango.de\\\/de\\\/?s={search_term_string}\"},\"query-input\":{\"@type\":\"PropertyValueSpecification\",\"valueRequired\":true,\"valueName\":\"search_term_string\"}}],\"inLanguage\":\"de\"},{\"@type\":[\"Person\",\"Organization\"],\"@id\":\"https:\\\/\\\/purotango.de\\\/de\\\/#\\\/schema\\\/person\\\/47561650617326cdb5fc66afed184336\",\"name\":\"clementinaonstgeposteo-de\",\"image\":{\"@type\":\"ImageObject\",\"inLanguage\":\"de\",\"@id\":\"https:\\\/\\\/purotango.de\\\/wp-content\\\/uploads\\\/2024\\\/05\\\/DSC_1379-scaled.jpeg\",\"url\":\"https:\\\/\\\/purotango.de\\\/wp-content\\\/uploads\\\/2024\\\/05\\\/DSC_1379-scaled.jpeg\",\"contentUrl\":\"https:\\\/\\\/purotango.de\\\/wp-content\\\/uploads\\\/2024\\\/05\\\/DSC_1379-scaled.jpeg\",\"width\":1707,\"height\":2560,\"caption\":\"clementinaonstgeposteo-de\"},\"logo\":{\"@id\":\"https:\\\/\\\/purotango.de\\\/wp-content\\\/uploads\\\/2024\\\/05\\\/DSC_1379-scaled.jpeg\"},\"description\":\"La Jefa\"}]}<\/script>\n<!-- \/ Yoast SEO plugin. -->","yoast_head_json":{"title":"Cookie-Richtlinie -","robots":{"index":"index","follow":"follow","max-snippet":"max-snippet:-1","max-image-preview":"max-image-preview:large","max-video-preview":"max-video-preview:-1"},"canonical":"https:\/\/purotango.de\/de\/cookie-richtlinie\/","og_locale":"de_DE","og_type":"article","og_title":"Cookie-Richtlinie -","og_description":"G\u00fcltig ab: 12-Sep-2024Zuletzt aktualisiert: 12-Sep-2024 Was sind Cookies? Diese Cookie-Richtlinie erkl\u00e4rt, was Cookies sind und wie wir sie verwenden, welche Arten von Cookies wir verwenden, d.h. welche Informationen wir mit Cookies sammeln und wie diese Informationen verwendet werden, sowie wie Sie die Cookie-Einstellungen verwalten k\u00f6nnen. Cookies sind kleine Textdateien, die kleine Informationsst\u00fccke speichern. Sie werden [&hellip;]","og_url":"https:\/\/purotango.de\/de\/cookie-richtlinie\/","article_modified_time":"2024-11-01T13:31:12+00:00","twitter_card":"summary_large_image","twitter_misc":{"Gesch\u00e4tzte Lesezeit":"2\u00a0Minuten"},"schema":{"@context":"https:\/\/schema.org","@graph":[{"@type":"WebPage","@id":"https:\/\/purotango.de\/de\/cookie-richtlinie\/","url":"https:\/\/purotango.de\/de\/cookie-richtlinie\/","name":"Cookie-Richtlinie -","isPartOf":{"@id":"https:\/\/purotango.de\/de\/#website"},"datePublished":"2024-09-12T12:07:32+00:00","dateModified":"2024-11-01T13:31:12+00:00","breadcrumb":{"@id":"https:\/\/purotango.de\/de\/cookie-richtlinie\/#breadcrumb"},"inLanguage":"de","potentialAction":[{"@type":"ReadAction","target":["https:\/\/purotango.de\/de\/cookie-richtlinie\/"]}]},{"@type":"BreadcrumbList","@id":"https:\/\/purotango.de\/de\/cookie-richtlinie\/#breadcrumb","itemListElement":[{"@type":"ListItem","position":1,"name":"Home","item":"https:\/\/purotango.de\/de\/"},{"@type":"ListItem","position":2,"name":"Cookie-Richtlinie"}]},{"@type":"WebSite","@id":"https:\/\/purotango.de\/de\/#website","url":"https:\/\/purotango.de\/de\/","name":"Puro Tango","description":"Argentine tango ensemble with Clementina Culzoni: bandone\u00f3n sounds and milonga energy.","publisher":{"@id":"https:\/\/purotango.de\/de\/#\/schema\/person\/47561650617326cdb5fc66afed184336"},"potentialAction":[{"@type":"SearchAction","target":{"@type":"EntryPoint","urlTemplate":"https:\/\/purotango.de\/de\/?s={search_term_string}"},"query-input":{"@type":"PropertyValueSpecification","valueRequired":true,"valueName":"search_term_string"}}],"inLanguage":"de"},{"@type":["Person","Organization"],"@id":"https:\/\/purotango.de\/de\/#\/schema\/person\/47561650617326cdb5fc66afed184336","name":"clementinaonstgeposteo-de","image":{"@type":"ImageObject","inLanguage":"de","@id":"https:\/\/purotango.de\/wp-content\/uploads\/2024\/05\/DSC_1379-scaled.jpeg","url":"https:\/\/purotango.de\/wp-content\/uploads\/2024\/05\/DSC_1379-scaled.jpeg","contentUrl":"https:\/\/purotango.de\/wp-content\/uploads\/2024\/05\/DSC_1379-scaled.jpeg","width":1707,"height":2560,"caption":"clementinaonstgeposteo-de"},"logo":{"@id":"https:\/\/purotango.de\/wp-content\/uploads\/2024\/05\/DSC_1379-scaled.jpeg"},"description":"La Jefa"}]}},"uagb_featured_image_src":{"full":false,"thumbnail":false,"medium":false,"medium_large":false,"large":false,"1536x1536":false,"2048x2048":false},"uagb_author_info":{"display_name":"purotango.de","author_link":"https:\/\/purotango.de\/de\/author\/purotango-de\/"},"uagb_comment_info":0,"uagb_excerpt":"G\u00fcltig ab: 12-Sep-2024Zuletzt aktualisiert: 12-Sep-2024 Was sind Cookies? Diese Cookie-Richtlinie erkl\u00e4rt, was Cookies sind und wie wir sie verwenden, welche Arten von Cookies wir verwenden, d.h. welche Informationen wir mit Cookies sammeln und wie diese Informationen verwendet werden, sowie wie Sie die Cookie-Einstellungen verwalten k\u00f6nnen. Cookies sind kleine Textdateien, die kleine Informationsst\u00fccke speichern. Sie werden&hellip;","_links":{"self":[{"href":"https:\/\/purotango.de\/de\/wp-json\/wp\/v2\/pages\/4135","targetHints":{"allow":["GET"]}}],"collection":[{"href":"https:\/\/purotango.de\/de\/wp-json\/wp\/v2\/pages"}],"about":[{"href":"https:\/\/purotango.de\/de\/wp-json\/wp\/v2\/types\/page"}],"author":[{"embeddable":true,"href":"https:\/\/purotango.de\/de\/wp-json\/wp\/v2\/users\/1"}],"replies":[{"embeddable":true,"href":"https:\/\/purotango.de\/de\/wp-json\/wp\/v2\/comments?post=4135"}],"version-history":[{"count":1,"href":"https:\/\/purotango.de\/de\/wp-json\/wp\/v2\/pages\/4135\/revisions"}],"predecessor-version":[{"id":4136,"href":"https:\/\/purotango.de\/de\/wp-json\/wp\/v2\/pages\/4135\/revisions\/4136"}],"wp:attachment":[{"href":"https:\/\/purotango.de\/de\/wp-json\/wp\/v2\/media?parent=4135"}],"curies":[{"name":"wp","href":"https:\/\/api.w.org\/{rel}","templated":true}]}}