{"id":4253,"date":"2024-11-29T18:42:59","date_gmt":"2024-11-29T17:42:59","guid":{"rendered":"https:\/\/purotango.de\/?page_id=4253"},"modified":"2024-12-12T14:05:25","modified_gmt":"2024-12-12T13:05:25","slug":"la-milonga-2","status":"publish","type":"page","link":"https:\/\/purotango.de\/de\/la-milonga-2\/","title":{"rendered":"Puro Tango Orquesta Tipica"},"content":{"rendered":"\n<div class=\"wp-block-uagb-container uagb-block-nespud9q alignfull uagb-is-root-container\"><div class=\"uagb-container-inner-blocks-wrap\">\n<div class=\"wp-block-uagb-info-box uagb-block-p6bccz6p uagb-infobox__content-wrap  uagb-infobox-icon-above-title uagb-infobox-image-valign-top\"><div class=\"uagb-ifb-content\"><div class=\"uagb-ifb-title-wrap\"><\/div><\/div><\/div>\n\n\n\n<div style=\"height:139px\" aria-hidden=\"true\" class=\"wp-block-spacer\"><\/div>\n\n\n\n<div class=\"wp-block-uagb-buttons uagb-buttons__outer-wrap uagb-btn__default-btn uagb-btn-tablet__default-btn uagb-btn-mobile__default-btn uagb-block-e383318e\"><div class=\"uagb-buttons__wrap uagb-buttons-layout-wrap \">\n<div class=\"wp-block-uagb-buttons-child uagb-buttons__outer-wrap uagb-block-2b7ba78c wp-block-button\"><div class=\"uagb-button__wrapper\"><a class=\"uagb-buttons-repeater wp-block-button__link\" aria-label=\"\" href=\"\/\/purotango.de\/contact\/\" rel=\"follow noopener\" target=\"_self\" role=\"button\"><div class=\"uagb-button__link\">Buchen Puro Tango Orquesta tipica<\/div><\/a><\/div><\/div>\n<\/div><\/div>\n<\/div><\/div>\n\n<div class=\"wp-block-uagb-container uagb-block-mmoc6oak alignfull uagb-is-root-container\">\n<p><\/p>\n\n\n\n<div class=\"wp-block-uagb-info-box uagb-block-xv1re0q2 uagb-infobox__content-wrap  uagb-infobox-icon-above-title uagb-infobox-image-valign-top wp-block-uagb-info-box--has-margin\"><div class=\"uagb-infobox-margin-wrapper\"><div class=\"uagb-ifb-content\"><div class=\"uagb-ifb-title-wrap\"><p class=\"uagb-ifb-title-prefix\">Lasst uns tanzen! <br\/><br\/>mit<\/p><h1 class=\"uagb-ifb-title\">Orquesta Tipica  <\/h1><\/div><p class=\"uagb-ifb-desc\">Das <em>Orquesta T\u00edpica Puro Tango<\/em> verk\u00f6rpert stilistisch die hundertj\u00e4hrige Geschichte des Tangos.<\/p><\/div><\/div><\/div>\n\n\n\n<div class=\"wp-block-uagb-image uagb-block-14d32185 wp-block-uagb-image--layout-default wp-block-uagb-image--effect-static wp-block-uagb-image--align-none\"><figure class=\"wp-block-uagb-image__figure\"><img decoding=\"async\" data-srcset=\"https:\/\/purotango.de\/wp-content\/uploads\/2024\/10\/Puro_Tango_500x200_frei.png ,https:\/\/purotango.de\/wp-content\/uploads\/2024\/10\/Puro_Tango_500x200_frei.png 780w, https:\/\/purotango.de\/wp-content\/uploads\/2024\/10\/Puro_Tango_500x200_frei.png 360w\" data-sizes=\"auto, (max-width: 480px) 150px\" data-src=\"https:\/\/purotango.de\/wp-content\/uploads\/2024\/10\/Puro_Tango_500x200_frei.png\" alt=\"\" class=\"uag-image-3721 lazyload\" width=\"500\" height=\"200\" title=\"Puro_Tango_500x200_frei\" role=\"img\" src=\"data:image\/svg+xml;base64,PHN2ZyB3aWR0aD0iMSIgaGVpZ2h0PSIxIiB4bWxucz0iaHR0cDovL3d3dy53My5vcmcvMjAwMC9zdmciPjwvc3ZnPg==\" style=\"--smush-placeholder-width: 500px; --smush-placeholder-aspect-ratio: 500\/200;\"><\/figure><\/div>\n\n\n\n<div class=\"wp-block-uagb-buttons uagb-buttons__outer-wrap uagb-btn__default-btn uagb-btn-tablet__default-btn uagb-btn-mobile__default-btn uagb-block-3vorcrpd\"><div class=\"uagb-buttons__wrap uagb-buttons-layout-wrap \"><\/div><\/div>\n<\/div>\n\n<div class=\"wp-block-uagb-container uagb-block-efekg3u9 alignfull uagb-is-root-container\"><div class=\"uagb-container-inner-blocks-wrap\">\n<div class=\"wp-block-uagb-container uagb-block-2z5e8wrr\">\n<div class=\"wp-block-uagb-info-box uagb-block-jr8i4f9h uagb-infobox__content-wrap  uagb-infobox-icon-above-title uagb-infobox-image-valign-top wp-block-uagb-info-box--has-margin\"><div class=\"uagb-infobox-margin-wrapper\"><div class=\"uagb-ifb-content\"><div class=\"uagb-ifb-title-wrap\"><h2 class=\"uagb-ifb-title\">Tango, Walzer, Candombe oder Milonga.. nur Puro Tango zum Tanzen<\/h2><\/div><p class=\"uagb-ifb-desc\">Das <em>Orquesta T\u00edpica Puro Tango<\/em> verk\u00f6rpert stilistisch die hundertj\u00e4hrige Geschichte des Tangos. Es verbindet die Entwicklung von der goldenen \u00c4ra des Tangos zu den zeitgen\u00f6ssischsten Kl\u00e4ngen in seinen Arrangements, die alle aus dem Geist der <em>Milonga<\/em> geboren sind.<\/p><\/div><\/div><\/div>\n\n\n\n<div class=\"wp-block-uagb-image alignleft uagb-block-ki7xdq9h wp-block-uagb-image--layout-default wp-block-uagb-image--effect-static wp-block-uagb-image--align-left\"><figure class=\"wp-block-uagb-image__figure\"><img decoding=\"async\" data-srcset=\"https:\/\/purotango.de\/wp-content\/uploads\/2024\/11\/LNB_9895.jpeg ,https:\/\/purotango.de\/wp-content\/uploads\/2024\/11\/LNB_9895.jpeg 780w, https:\/\/purotango.de\/wp-content\/uploads\/2024\/11\/LNB_9895.jpeg 360w\" data-sizes=\"auto, (max-width: 480px) 150px\" data-src=\"https:\/\/purotango.de\/wp-content\/uploads\/2024\/11\/LNB_9895.jpeg\" alt=\"\" class=\"uag-image-4282 lazyload\" width=\"473\" height=\"376\" title=\"LNB_9895\" role=\"img\" src=\"data:image\/svg+xml;base64,PHN2ZyB3aWR0aD0iMSIgaGVpZ2h0PSIxIiB4bWxucz0iaHR0cDovL3d3dy53My5vcmcvMjAwMC9zdmciPjwvc3ZnPg==\" style=\"--smush-placeholder-width: 473px; --smush-placeholder-aspect-ratio: 473\/376;\"><\/figure><\/div>\n\n\n\n<div class=\"wp-block-uagb-info-box uagb-block-wpblk6eb uagb-infobox__content-wrap  uagb-infobox-icon-above-title uagb-infobox-image-valign-top wp-block-uagb-info-box--has-margin\"><div class=\"uagb-infobox-margin-wrapper\"><div class=\"uagb-ifb-content\"><div class=\"uagb-ifb-title-wrap\"><h3 class=\"uagb-ifb-title\">Tanzbares Repertoire, moderne Arrangements  <\/h3><\/div><p class=\"uagb-ifb-desc\">Das <em>Orquesta T\u00edpica Puro Tango<\/em> bietet ein vielseitiges, tanzbares Repertoire. Die modernen Arrangements klassischer St\u00fccke inspirieren <em>die Milongueros<\/em> dazu, ihre eigene Kreativit\u00e4t zu erkunden.<br\/>Mit Pablo Rojas am Klavier, Algy Wu am Bandoneon, Kaoru Asayama an der Violine und Viktor V\u00f6r\u00f6s am Kontrabass leitet die argentinische S\u00e4ngerin Clementina Culzoni ein <em>Orquesta t\u00edpica<\/em> , das leidenschaftlich und kraftvoll die sch\u00f6nsten Tangos, Candombes, <em>Milongas<\/em> und Walzer zum Leben erweckt. <br\/><br\/><\/p><\/div><\/div><\/div>\n<\/div>\n\n\n\n<div class=\"wp-block-uagb-container uagb-block-dyqaqw5g\">\n<div class=\"wp-block-uagb-image alignleft uagb-block-a15qebfl wp-block-uagb-image--layout-default wp-block-uagb-image--effect-static wp-block-uagb-image--align-left\"><figure class=\"wp-block-uagb-image__figure\"><img decoding=\"async\" data-srcset=\"https:\/\/purotango.de\/wp-content\/uploads\/2024\/11\/LNB_0096.jpeg ,https:\/\/purotango.de\/wp-content\/uploads\/2024\/11\/LNB_0096.jpeg 780w, https:\/\/purotango.de\/wp-content\/uploads\/2024\/11\/LNB_0096.jpeg 360w\" data-sizes=\"auto, (max-width: 480px) 150px\" data-src=\"https:\/\/purotango.de\/wp-content\/uploads\/2024\/11\/LNB_0096.jpeg\" alt=\"\" class=\"uag-image-4276 lazyload\" width=\"564\" height=\"376\" title=\"LNB_0096\" role=\"img\" src=\"data:image\/svg+xml;base64,PHN2ZyB3aWR0aD0iMSIgaGVpZ2h0PSIxIiB4bWxucz0iaHR0cDovL3d3dy53My5vcmcvMjAwMC9zdmciPjwvc3ZnPg==\" style=\"--smush-placeholder-width: 564px; --smush-placeholder-aspect-ratio: 564\/376;\"><\/figure><\/div>\n\n\n\n<div class=\"wp-block-uagb-info-box uagb-block-xdscjios uagb-infobox__content-wrap  uagb-infobox-icon-above-title uagb-infobox-image-valign-top wp-block-uagb-info-box--has-margin\"><div class=\"uagb-infobox-margin-wrapper\"><div class=\"uagb-ifb-content\"><div class=\"uagb-ifb-title-wrap\"><h3 class=\"uagb-ifb-title\">Holen Sie sich das Gef\u00fchl,<br\/>Tango tanzen<\/h3><\/div><p class=\"uagb-ifb-desc\">&#8222;Gute <em>Milongueros<\/em> brauchen mehr als nur Tangos zu h\u00f6ren, um zu tanzen. Sie m\u00fcssen das Gef\u00fchl des Tangos erfassen, um es auf der Tanzfl\u00e4che zu interpretieren, um frei zu werden&#8230;&#8220; Das ist Clementinas Motivation, Tangos zu \u00fcbersetzen und sie mit so tief empfundener Emotion zu singen, als w\u00e4re es ihr letztes Mal, dass sie auftritt. &#8222;Clementina lebt, was sie singt&#8230;&#8220; \u2014 <em>Mainpost<\/em>.  <\/p><\/div><\/div><\/div>\n\n\n\n<div class=\"wp-block-uagb-image alignleft uagb-block-w4dsjznw wp-block-uagb-image--layout-default wp-block-uagb-image--effect-static wp-block-uagb-image--align-left\"><figure class=\"wp-block-uagb-image__figure\"><img decoding=\"async\" data-srcset=\"https:\/\/purotango.de\/wp-content\/uploads\/2024\/11\/LNB_9888.jpeg ,https:\/\/purotango.de\/wp-content\/uploads\/2024\/11\/LNB_9888.jpeg 780w, https:\/\/purotango.de\/wp-content\/uploads\/2024\/11\/LNB_9888.jpeg 360w\" data-sizes=\"auto, (max-width: 480px) 150px\" data-src=\"https:\/\/purotango.de\/wp-content\/uploads\/2024\/11\/LNB_9888.jpeg\" alt=\"\" class=\"uag-image-4279 lazyload\" width=\"564\" height=\"376\" title=\"LNB_9888\" role=\"img\" src=\"data:image\/svg+xml;base64,PHN2ZyB3aWR0aD0iMSIgaGVpZ2h0PSIxIiB4bWxucz0iaHR0cDovL3d3dy53My5vcmcvMjAwMC9zdmciPjwvc3ZnPg==\" style=\"--smush-placeholder-width: 564px; --smush-placeholder-aspect-ratio: 564\/376;\"><\/figure><\/div>\n\n\n\n<div class=\"wp-block-uagb-info-box uagb-block-zpqvuhfa uagb-infobox__content-wrap  uagb-infobox-icon-above-title uagb-infobox-image-valign-top wp-block-uagb-info-box--has-margin\"><div class=\"uagb-infobox-margin-wrapper\"><div class=\"uagb-ifb-content\"><div class=\"uagb-ifb-title-wrap\"><h3 class=\"uagb-ifb-title\">Clementina lebt den Tango<\/h3><\/div><p class=\"uagb-ifb-desc\">&#8222;Clementina Culzoni: mal melancholisch, mal frech, mal romantisch \u2013 ein Kraftpaket, eine Meisterin der Verwandlung, mit einer Sopranstimme, die unverwechselbar ist.&#8220; \u2013 <em>Mainpost<\/em>.<br\/><\/p><\/div><\/div><\/div>\n<\/div>\n<\/div><\/div>\n\n<div class=\"wp-block-uagb-container uagb-block-256c7be2 alignfull uagb-is-root-container\"><div class=\"uagb-container-inner-blocks-wrap\">\n<div class=\"wp-block-uagb-info-box uagb-block-1ec5eed0 uagb-infobox__content-wrap  uagb-infobox-icon-above-title uagb-infobox-image-valign-top\"><div class=\"uagb-ifb-content\"><div class=\"uagb-ifb-title-wrap\"><\/div><\/div><\/div>\n\n\n\n<div style=\"height:40px\" aria-hidden=\"true\" class=\"wp-block-spacer\"><\/div>\n\n\n\n<div class=\"wp-block-uagb-buttons uagb-buttons__outer-wrap uagb-btn__default-btn uagb-btn-tablet__default-btn uagb-btn-mobile__default-btn uagb-block-d6215ce0\"><div class=\"uagb-buttons__wrap uagb-buttons-layout-wrap \"><\/div><\/div>\n<\/div><\/div>\n","protected":false},"excerpt":{"rendered":"","protected":false},"author":1,"featured_media":0,"parent":0,"menu_order":0,"comment_status":"closed","ping_status":"closed","template":"","meta":{"om_disable_all_campaigns":false,"_uag_custom_page_level_css":"","_monsterinsights_skip_tracking":false,"_monsterinsights_sitenote_active":false,"_monsterinsights_sitenote_note":"","_monsterinsights_sitenote_category":0,"_uf_show_specific_survey":0,"_uf_disable_surveys":false,"site-sidebar-layout":"default","site-content-layout":"","ast-site-content-layout":"default","site-content-style":"default","site-sidebar-style":"default","ast-global-header-display":"","ast-banner-title-visibility":"","ast-main-header-display":"","ast-hfb-above-header-display":"","ast-hfb-below-header-display":"","ast-hfb-mobile-header-display":"","site-post-title":"","ast-breadcrumbs-content":"","ast-featured-img":"","footer-sml-layout":"","ast-disable-related-posts":"","theme-transparent-header-meta":"","adv-header-id-meta":"","stick-header-meta":"","header-above-stick-meta":"","header-main-stick-meta":"","header-below-stick-meta":"","astra-migrate-meta-layouts":"default","ast-page-background-enabled":"default","ast-page-background-meta":{"desktop":{"background-color":"","background-image":"","background-repeat":"repeat","background-position":"center center","background-size":"auto","background-attachment":"scroll","background-type":"","background-media":"","overlay-type":"","overlay-color":"","overlay-opacity":"","overlay-gradient":""},"tablet":{"background-color":"","background-image":"","background-repeat":"repeat","background-position":"center center","background-size":"auto","background-attachment":"scroll","background-type":"","background-media":"","overlay-type":"","overlay-color":"","overlay-opacity":"","overlay-gradient":""},"mobile":{"background-color":"","background-image":"","background-repeat":"repeat","background-position":"center center","background-size":"auto","background-attachment":"scroll","background-type":"","background-media":"","overlay-type":"","overlay-color":"","overlay-opacity":"","overlay-gradient":""}},"ast-content-background-meta":{"desktop":{"background-color":"var(--ast-global-color-5)","background-image":"","background-repeat":"repeat","background-position":"center center","background-size":"auto","background-attachment":"scroll","background-type":"","background-media":"","overlay-type":"","overlay-color":"","overlay-opacity":"","overlay-gradient":""},"tablet":{"background-color":"var(--ast-global-color-5)","background-image":"","background-repeat":"repeat","background-position":"center center","background-size":"auto","background-attachment":"scroll","background-type":"","background-media":"","overlay-type":"","overlay-color":"","overlay-opacity":"","overlay-gradient":""},"mobile":{"background-color":"var(--ast-global-color-5)","background-image":"","background-repeat":"repeat","background-position":"center center","background-size":"auto","background-attachment":"scroll","background-type":"","background-media":"","overlay-type":"","overlay-color":"","overlay-opacity":"","overlay-gradient":""}},"_themeisle_gutenberg_block_has_review":false,"footnotes":""},"class_list":["post-4253","page","type-page","status-publish","hentry"],"yoast_head":"<!-- This site is optimized with the Yoast SEO plugin v27.4 - https:\/\/yoast.com\/product\/yoast-seo-wordpress\/ -->\n<title>Puro Tango Orquesta Tipica -<\/title>\n<meta name=\"robots\" content=\"index, follow, max-snippet:-1, max-image-preview:large, max-video-preview:-1\" \/>\n<link rel=\"canonical\" href=\"https:\/\/purotango.de\/de\/la-milonga-2\/\" \/>\n<meta property=\"og:locale\" content=\"de_DE\" \/>\n<meta property=\"og:type\" content=\"article\" \/>\n<meta property=\"og:title\" content=\"Puro Tango Orquesta Tipica -\" \/>\n<meta property=\"og:url\" content=\"https:\/\/purotango.de\/de\/la-milonga-2\/\" \/>\n<meta property=\"article:modified_time\" content=\"2024-12-12T13:05:25+00:00\" \/>\n<meta property=\"og:image\" content=\"https:\/\/purotango.de\/wp-content\/uploads\/2024\/10\/Puro_Tango_500x200_frei.png\" \/>\n<meta name=\"twitter:card\" content=\"summary_large_image\" \/>\n<meta name=\"twitter:label1\" content=\"Gesch\u00e4tzte Lesezeit\" \/>\n\t<meta name=\"twitter:data1\" content=\"1\u00a0Minute\" \/>\n<script type=\"application\/ld+json\" class=\"yoast-schema-graph\">{\"@context\":\"https:\\\/\\\/schema.org\",\"@graph\":[{\"@type\":\"WebPage\",\"@id\":\"https:\\\/\\\/purotango.de\\\/de\\\/la-milonga-2\\\/\",\"url\":\"https:\\\/\\\/purotango.de\\\/de\\\/la-milonga-2\\\/\",\"name\":\"Puro Tango Orquesta Tipica -\",\"isPartOf\":{\"@id\":\"https:\\\/\\\/purotango.de\\\/de\\\/#website\"},\"primaryImageOfPage\":{\"@id\":\"https:\\\/\\\/purotango.de\\\/de\\\/la-milonga-2\\\/#primaryimage\"},\"image\":{\"@id\":\"https:\\\/\\\/purotango.de\\\/de\\\/la-milonga-2\\\/#primaryimage\"},\"thumbnailUrl\":\"https:\\\/\\\/purotango.de\\\/wp-content\\\/uploads\\\/2024\\\/10\\\/Puro_Tango_500x200_frei.png\",\"datePublished\":\"2024-11-29T17:42:59+00:00\",\"dateModified\":\"2024-12-12T13:05:25+00:00\",\"breadcrumb\":{\"@id\":\"https:\\\/\\\/purotango.de\\\/de\\\/la-milonga-2\\\/#breadcrumb\"},\"inLanguage\":\"de\",\"potentialAction\":[{\"@type\":\"ReadAction\",\"target\":[\"https:\\\/\\\/purotango.de\\\/de\\\/la-milonga-2\\\/\"]}]},{\"@type\":\"ImageObject\",\"inLanguage\":\"de\",\"@id\":\"https:\\\/\\\/purotango.de\\\/de\\\/la-milonga-2\\\/#primaryimage\",\"url\":\"https:\\\/\\\/purotango.de\\\/wp-content\\\/uploads\\\/2024\\\/10\\\/Puro_Tango_500x200_frei.png\",\"contentUrl\":\"https:\\\/\\\/purotango.de\\\/wp-content\\\/uploads\\\/2024\\\/10\\\/Puro_Tango_500x200_frei.png\"},{\"@type\":\"BreadcrumbList\",\"@id\":\"https:\\\/\\\/purotango.de\\\/de\\\/la-milonga-2\\\/#breadcrumb\",\"itemListElement\":[{\"@type\":\"ListItem\",\"position\":1,\"name\":\"Home\",\"item\":\"https:\\\/\\\/purotango.de\\\/de\\\/\"},{\"@type\":\"ListItem\",\"position\":2,\"name\":\"Puro Tango Orquesta Tipica\"}]},{\"@type\":\"WebSite\",\"@id\":\"https:\\\/\\\/purotango.de\\\/de\\\/#website\",\"url\":\"https:\\\/\\\/purotango.de\\\/de\\\/\",\"name\":\"Puro Tango\",\"description\":\"Argentine tango ensemble with Clementina Culzoni: bandone\u00f3n sounds and milonga energy.\",\"publisher\":{\"@id\":\"https:\\\/\\\/purotango.de\\\/de\\\/#\\\/schema\\\/person\\\/47561650617326cdb5fc66afed184336\"},\"potentialAction\":[{\"@type\":\"SearchAction\",\"target\":{\"@type\":\"EntryPoint\",\"urlTemplate\":\"https:\\\/\\\/purotango.de\\\/de\\\/?s={search_term_string}\"},\"query-input\":{\"@type\":\"PropertyValueSpecification\",\"valueRequired\":true,\"valueName\":\"search_term_string\"}}],\"inLanguage\":\"de\"},{\"@type\":[\"Person\",\"Organization\"],\"@id\":\"https:\\\/\\\/purotango.de\\\/de\\\/#\\\/schema\\\/person\\\/47561650617326cdb5fc66afed184336\",\"name\":\"clementinaonstgeposteo-de\",\"image\":{\"@type\":\"ImageObject\",\"inLanguage\":\"de\",\"@id\":\"https:\\\/\\\/purotango.de\\\/wp-content\\\/uploads\\\/2024\\\/05\\\/DSC_1379-scaled.jpeg\",\"url\":\"https:\\\/\\\/purotango.de\\\/wp-content\\\/uploads\\\/2024\\\/05\\\/DSC_1379-scaled.jpeg\",\"contentUrl\":\"https:\\\/\\\/purotango.de\\\/wp-content\\\/uploads\\\/2024\\\/05\\\/DSC_1379-scaled.jpeg\",\"width\":1707,\"height\":2560,\"caption\":\"clementinaonstgeposteo-de\"},\"logo\":{\"@id\":\"https:\\\/\\\/purotango.de\\\/wp-content\\\/uploads\\\/2024\\\/05\\\/DSC_1379-scaled.jpeg\"},\"description\":\"La Jefa\"}]}<\/script>\n<!-- \/ Yoast SEO plugin. -->","yoast_head_json":{"title":"Puro Tango Orquesta Tipica -","robots":{"index":"index","follow":"follow","max-snippet":"max-snippet:-1","max-image-preview":"max-image-preview:large","max-video-preview":"max-video-preview:-1"},"canonical":"https:\/\/purotango.de\/de\/la-milonga-2\/","og_locale":"de_DE","og_type":"article","og_title":"Puro Tango Orquesta Tipica -","og_url":"https:\/\/purotango.de\/de\/la-milonga-2\/","article_modified_time":"2024-12-12T13:05:25+00:00","og_image":[{"url":"https:\/\/purotango.de\/wp-content\/uploads\/2024\/10\/Puro_Tango_500x200_frei.png","type":"","width":"","height":""}],"twitter_card":"summary_large_image","twitter_misc":{"Gesch\u00e4tzte Lesezeit":"1\u00a0Minute"},"schema":{"@context":"https:\/\/schema.org","@graph":[{"@type":"WebPage","@id":"https:\/\/purotango.de\/de\/la-milonga-2\/","url":"https:\/\/purotango.de\/de\/la-milonga-2\/","name":"Puro Tango Orquesta Tipica -","isPartOf":{"@id":"https:\/\/purotango.de\/de\/#website"},"primaryImageOfPage":{"@id":"https:\/\/purotango.de\/de\/la-milonga-2\/#primaryimage"},"image":{"@id":"https:\/\/purotango.de\/de\/la-milonga-2\/#primaryimage"},"thumbnailUrl":"https:\/\/purotango.de\/wp-content\/uploads\/2024\/10\/Puro_Tango_500x200_frei.png","datePublished":"2024-11-29T17:42:59+00:00","dateModified":"2024-12-12T13:05:25+00:00","breadcrumb":{"@id":"https:\/\/purotango.de\/de\/la-milonga-2\/#breadcrumb"},"inLanguage":"de","potentialAction":[{"@type":"ReadAction","target":["https:\/\/purotango.de\/de\/la-milonga-2\/"]}]},{"@type":"ImageObject","inLanguage":"de","@id":"https:\/\/purotango.de\/de\/la-milonga-2\/#primaryimage","url":"https:\/\/purotango.de\/wp-content\/uploads\/2024\/10\/Puro_Tango_500x200_frei.png","contentUrl":"https:\/\/purotango.de\/wp-content\/uploads\/2024\/10\/Puro_Tango_500x200_frei.png"},{"@type":"BreadcrumbList","@id":"https:\/\/purotango.de\/de\/la-milonga-2\/#breadcrumb","itemListElement":[{"@type":"ListItem","position":1,"name":"Home","item":"https:\/\/purotango.de\/de\/"},{"@type":"ListItem","position":2,"name":"Puro Tango Orquesta Tipica"}]},{"@type":"WebSite","@id":"https:\/\/purotango.de\/de\/#website","url":"https:\/\/purotango.de\/de\/","name":"Puro Tango","description":"Argentine tango ensemble with Clementina Culzoni: bandone\u00f3n sounds and milonga energy.","publisher":{"@id":"https:\/\/purotango.de\/de\/#\/schema\/person\/47561650617326cdb5fc66afed184336"},"potentialAction":[{"@type":"SearchAction","target":{"@type":"EntryPoint","urlTemplate":"https:\/\/purotango.de\/de\/?s={search_term_string}"},"query-input":{"@type":"PropertyValueSpecification","valueRequired":true,"valueName":"search_term_string"}}],"inLanguage":"de"},{"@type":["Person","Organization"],"@id":"https:\/\/purotango.de\/de\/#\/schema\/person\/47561650617326cdb5fc66afed184336","name":"clementinaonstgeposteo-de","image":{"@type":"ImageObject","inLanguage":"de","@id":"https:\/\/purotango.de\/wp-content\/uploads\/2024\/05\/DSC_1379-scaled.jpeg","url":"https:\/\/purotango.de\/wp-content\/uploads\/2024\/05\/DSC_1379-scaled.jpeg","contentUrl":"https:\/\/purotango.de\/wp-content\/uploads\/2024\/05\/DSC_1379-scaled.jpeg","width":1707,"height":2560,"caption":"clementinaonstgeposteo-de"},"logo":{"@id":"https:\/\/purotango.de\/wp-content\/uploads\/2024\/05\/DSC_1379-scaled.jpeg"},"description":"La Jefa"}]}},"uagb_featured_image_src":{"full":false,"thumbnail":false,"medium":false,"medium_large":false,"large":false,"1536x1536":false,"2048x2048":false},"uagb_author_info":{"display_name":"purotango.de","author_link":"https:\/\/purotango.de\/de\/author\/purotango-de\/"},"uagb_comment_info":0,"uagb_excerpt":null,"_links":{"self":[{"href":"https:\/\/purotango.de\/de\/wp-json\/wp\/v2\/pages\/4253","targetHints":{"allow":["GET"]}}],"collection":[{"href":"https:\/\/purotango.de\/de\/wp-json\/wp\/v2\/pages"}],"about":[{"href":"https:\/\/purotango.de\/de\/wp-json\/wp\/v2\/types\/page"}],"author":[{"embeddable":true,"href":"https:\/\/purotango.de\/de\/wp-json\/wp\/v2\/users\/1"}],"replies":[{"embeddable":true,"href":"https:\/\/purotango.de\/de\/wp-json\/wp\/v2\/comments?post=4253"}],"version-history":[{"count":5,"href":"https:\/\/purotango.de\/de\/wp-json\/wp\/v2\/pages\/4253\/revisions"}],"predecessor-version":[{"id":4555,"href":"https:\/\/purotango.de\/de\/wp-json\/wp\/v2\/pages\/4253\/revisions\/4555"}],"wp:attachment":[{"href":"https:\/\/purotango.de\/de\/wp-json\/wp\/v2\/media?parent=4253"}],"curies":[{"name":"wp","href":"https:\/\/api.w.org\/{rel}","templated":true}]}}